{"id":4309,"date":"2022-03-11T11:49:49","date_gmt":"2022-03-11T09:49:49","guid":{"rendered":"https:\/\/qualitex.ee\/?page_id=4309"},"modified":"2022-04-20T11:05:07","modified_gmt":"2022-04-20T08:05:07","slug":"varvimine-ja-viimistlemine","status":"publish","type":"page","link":"https:\/\/qualitex.ee\/et\/varvimine-ja-viimistlemine\/","title":{"rendered":"V\u00e4rvimine ja viimistlemine"},"content":{"rendered":"\t\t<div data-elementor-type=\"wp-page\" data-elementor-id=\"4309\" class=\"elementor elementor-4309 elementor-3753\" data-elementor-settings=\"[]\">\n\t\t\t\t\t\t\t<div class=\"elementor-section-wrap\">\n\t\t\t\t\t\t\t<section class=\"elementor-section elementor-top-section elementor-element elementor-element-6f84ed2 elementor-section-height-min-height elementor-section-full_width elementor-section-height-default elementor-section-items-middle\" data-id=\"6f84ed2\" data-element_type=\"section\" data-settings=\"{&quot;background_background&quot;:&quot;classic&quot;}\">\n\t\t\t\t\t\t<div class=\"elementor-container elementor-column-gap-extended\">\n\t\t\t\t\t<div class=\"elementor-column elementor-col-100 elementor-top-column elementor-element elementor-element-c71eb71\" data-id=\"c71eb71\" data-element_type=\"column\">\n\t\t\t<div class=\"elementor-widget-wrap elementor-element-populated\">\n\t\t\t\t\t\t\t\t<section class=\"elementor-section elementor-inner-section elementor-element elementor-element-3392403 elementor-section-boxed elementor-section-height-default elementor-section-height-default\" data-id=\"3392403\" data-element_type=\"section\">\n\t\t\t\t\t\t<div class=\"elementor-container elementor-column-gap-default\">\n\t\t\t\t\t<div class=\"elementor-column elementor-col-100 elementor-inner-column elementor-element elementor-element-448396b\" data-id=\"448396b\" data-element_type=\"column\">\n\t\t\t<div class=\"elementor-widget-wrap elementor-element-populated\">\n\t\t\t\t\t\t\t\t<div class=\"elementor-element elementor-element-52bae2a elementor-widget elementor-widget-heading\" data-id=\"52bae2a\" data-element_type=\"widget\" data-widget_type=\"heading.default\">\n\t\t\t\t<div class=\"elementor-widget-container\">\n\t\t\t<style>\/*! elementor - v3.5.3 - 28-12-2021 *\/\n.elementor-heading-title{padding:0;margin:0;line-height:1}.elementor-widget-heading .elementor-heading-title[class*=elementor-size-]>a{color:inherit;font-size:inherit;line-height:inherit}.elementor-widget-heading .elementor-heading-title.elementor-size-small{font-size:15px}.elementor-widget-heading .elementor-heading-title.elementor-size-medium{font-size:19px}.elementor-widget-heading .elementor-heading-title.elementor-size-large{font-size:29px}.elementor-widget-heading .elementor-heading-title.elementor-size-xl{font-size:39px}.elementor-widget-heading .elementor-heading-title.elementor-size-xxl{font-size:59px}<\/style><h1 class=\"elementor-heading-title elementor-size-default\">V\u00e4rvimine ja viimistlemine<\/h1>\t\t<\/div>\n\t\t\t\t<\/div>\n\t\t\t\t<div class=\"elementor-element elementor-element-6461c88 elementor-widget__width-initial elementor-widget elementor-widget-text-editor\" data-id=\"6461c88\" data-element_type=\"widget\" data-widget_type=\"text-editor.default\">\n\t\t\t\t<div class=\"elementor-widget-container\">\n\t\t\t<style>\/*! elementor - v3.5.3 - 28-12-2021 *\/\n.elementor-widget-text-editor.elementor-drop-cap-view-stacked .elementor-drop-cap{background-color:#818a91;color:#fff}.elementor-widget-text-editor.elementor-drop-cap-view-framed .elementor-drop-cap{color:#818a91;border:3px solid;background-color:transparent}.elementor-widget-text-editor:not(.elementor-drop-cap-view-default) .elementor-drop-cap{margin-top:8px}.elementor-widget-text-editor:not(.elementor-drop-cap-view-default) .elementor-drop-cap-letter{width:1em;height:1em}.elementor-widget-text-editor .elementor-drop-cap{float:left;text-align:center;line-height:1;font-size:50px}.elementor-widget-text-editor .elementor-drop-cap-letter{display:inline-block}<\/style>\t\t\t\t<p>Suudame v\u00e4rvida ja viimistleda kuni 100 tonni kvaliteetset trikotaa\u017ekangast kuus.<\/p>\t\t\t\t\t\t<\/div>\n\t\t\t\t<\/div>\n\t\t\t\t\t<\/div>\n\t\t<\/div>\n\t\t\t\t\t\t\t<\/div>\n\t\t<\/section>\n\t\t        \t\t\t<\/div>\n\t\t<\/div>\n\t\t\t\t\t\t\t<\/div>\n\t\t<\/section>\n\t\t        \t\t<section class=\"elementor-section elementor-top-section elementor-element elementor-element-1194eea elementor-section-boxed elementor-section-height-default elementor-section-height-default\" data-id=\"1194eea\" data-element_type=\"section\">\n\t\t\t\t\t\t<div class=\"elementor-container elementor-column-gap-extended\">\n\t\t\t\t\t<div class=\"elementor-column elementor-col-50 elementor-top-column elementor-element elementor-element-41f6acd\" data-id=\"41f6acd\" data-element_type=\"column\">\n\t\t\t<div class=\"elementor-widget-wrap elementor-element-populated\">\n\t\t\t\t\t\t\t\t<section class=\"elementor-section elementor-inner-section elementor-element elementor-element-93e98be elementor-section-boxed elementor-section-height-default elementor-section-height-default\" data-id=\"93e98be\" data-element_type=\"section\">\n\t\t\t\t\t\t<div class=\"elementor-container elementor-column-gap-no\">\n\t\t\t\t\t<div class=\"elementor-column elementor-col-100 elementor-inner-column elementor-element elementor-element-a1fba58\" data-id=\"a1fba58\" data-element_type=\"column\">\n\t\t\t<div class=\"elementor-widget-wrap elementor-element-populated\">\n\t\t\t\t\t\t\t\t<div class=\"elementor-element elementor-element-ee4412a elementor-widget elementor-widget-heading\" data-id=\"ee4412a\" data-element_type=\"widget\" data-widget_type=\"heading.default\">\n\t\t\t\t<div class=\"elementor-widget-container\">\n\t\t\t<h2 class=\"elementor-heading-title elementor-size-default\">V\u00e4rvimine ja viimistlemine<\/h2>\t\t<\/div>\n\t\t\t\t<\/div>\n\t\t\t\t<div class=\"elementor-element elementor-element-944e647 elementor-widget elementor-widget-text-editor\" data-id=\"944e647\" data-element_type=\"widget\" data-widget_type=\"text-editor.default\">\n\t\t\t\t<div class=\"elementor-widget-container\">\n\t\t\t\t\t\t\t<p>Meie t\u00e4isautomaatne v\u00e4rvimiskoda, mille<strong> v\u00f5imsus on kuni 100 tonni kangast kuus,<\/strong> on varustatud k\u00f5rge temperatuuri ja k\u00f5rgsurvega v\u00e4rvimisseadmetega <strong>Saksa tootjalt Thies, mis v\u00f5imaldab meil t\u00f6\u00f6delda igat t\u00fc\u00fcpi kiududest ja kiusegudest toodetud kangaid.<\/strong> V\u00e4rvide t\u00e4pne j\u00e4rjepidevus on tagatud, kuna k\u00f5ik meie v\u00e4rvimismasinad on \u00fchendatud automatiseeritud kemikaalide jaotusseadmega, mis toidab vedelad v\u00e4rvained otse masinasse. Samuti t\u00f6\u00f6tab ka automaatne v\u00e4rvipulbri kaalumisseade pulberv\u00e4rvidega. Saame toota v\u00e4ikeseid v\u00e4rvipartiisid v\u00e4ikesemahuliste turgude jaoks. <strong>Meie minimaalne tellimuse kogus (MOQ) on 18 kg (1 rull).<\/strong><\/p><p>\u00a0<\/p><p><strong>\u0160veitsi Santexi viimistlusmasinad,<\/strong> avatud laiuse ja torukujulise viimistluse jaoks, tagavad optimaalse m\u00f5\u00f5tmete stabiilsuse ja v\u00e4ikese kokkut\u00f5mbumise. <strong>Viimistlusel saame peale kanda erinevaid aineid,<\/strong> mis muudavad kanga omadusi. N\u00e4iteks silikoon pehmendajat, mis annavad kangale parema k\u00e4sitlemismugavuse. V\u00f5i n\u00e4iteks ens\u00fc\u00fcmi pesu, mis v\u00e4hendab pinnasaastet ning -topilisust. <strong>High Visibility (HIVIS), Dry Fit, Health Guard, Aroomiteraapia ja Megasoft<\/strong> \u2013 erinevad v\u00f5imalused on v\u00e4ga laiad. Teostame ka fliiskangaste harjamist.<\/p><p>\u00a0<\/p><p>Kanga, r\u00f5iva v\u00f5i v\u00e4rvi uue v\u00e4ljat\u00f6\u00f6tamise korral valime hoolikalt tooraine ja tehnoloogia, mis vastavad k\u00f5ige paremini kasutaja n\u00f5udmistele ning loome protot\u00fc\u00fcbid. Alles p\u00e4rast kliendiga koosk\u00f5lastust alustame toote tootmist.<\/p>\t\t\t\t\t\t<\/div>\n\t\t\t\t<\/div>\n\t\t\t\t\t<\/div>\n\t\t<\/div>\n\t\t\t\t\t\t\t<\/div>\n\t\t<\/section>\n\t\t        \t\t\t<\/div>\n\t\t<\/div>\n\t\t\t\t<div class=\"elementor-column elementor-col-50 elementor-top-column elementor-element elementor-element-f446127\" data-id=\"f446127\" data-element_type=\"column\">\n\t\t\t<div class=\"elementor-widget-wrap elementor-element-populated\">\n\t\t\t\t\t\t\t\t<div class=\"elementor-element elementor-element-5189af4 elementor-widget elementor-widget-image\" data-id=\"5189af4\" data-element_type=\"widget\" data-widget_type=\"image.default\">\n\t\t\t\t<div class=\"elementor-widget-container\">\n\t\t\t<style>\/*! elementor - v3.5.3 - 28-12-2021 *\/\n.elementor-widget-image{text-align:center}.elementor-widget-image a{display:inline-block}.elementor-widget-image a img[src$=\".svg\"]{width:48px}.elementor-widget-image img{vertical-align:middle;display:inline-block}<\/style>\t\t\t\t\t\t\t\t\t\t\t\t<img width=\"750\" height=\"1000\" src=\"https:\/\/qualitex.ee\/wp-content\/uploads\/2022\/03\/dyeing.jpg\" class=\"attachment-large size-large\" alt=\"\" loading=\"lazy\" \/>\t\t\t\t\t\t\t\t\t\t\t\t\t\t\t<\/div>\n\t\t\t\t<\/div>\n\t\t\t\t\t<\/div>\n\t\t<\/div>\n\t\t\t\t\t\t\t<\/div>\n\t\t<\/section>\n\t\t        \t\t<section class=\"elementor-section elementor-top-section elementor-element elementor-element-5a71d978 elementor-section-content-middle elementor-hidden-desktop elementor-hidden-tablet elementor-hidden-mobile elementor-section-boxed elementor-section-height-default elementor-section-height-default\" data-id=\"5a71d978\" data-element_type=\"section\" data-settings=\"{&quot;background_background&quot;:&quot;classic&quot;}\">\n\t\t\t\t\t\t<div class=\"elementor-container elementor-column-gap-extended\">\n\t\t\t\t\t<div class=\"elementor-column elementor-col-50 elementor-top-column elementor-element elementor-element-7880a37e\" data-id=\"7880a37e\" data-element_type=\"column\">\n\t\t\t<div class=\"elementor-widget-wrap elementor-element-populated\">\n\t\t\t\t\t\t\t\t<div class=\"elementor-element elementor-element-6db2720d elementor-widget elementor-widget-image\" data-id=\"6db2720d\" data-element_type=\"widget\" data-widget_type=\"image.default\">\n\t\t\t\t<div class=\"elementor-widget-container\">\n\t\t\t\t\t\t\t\t\t\t\t\t\t\t\t<img width=\"768\" height=\"930\" src=\"https:\/\/qualitex.ee\/wp-content\/uploads\/2021\/06\/Gift-Cards-Electronic@2x-1.jpg\" class=\"attachment-medium_large size-medium_large\" alt=\"\" loading=\"lazy\" \/>\t\t\t\t\t\t\t\t\t\t\t\t\t\t\t<\/div>\n\t\t\t\t<\/div>\n\t\t\t\t\t<\/div>\n\t\t<\/div>\n\t\t\t\t<div class=\"elementor-column elementor-col-50 elementor-top-column elementor-element elementor-element-3795a8fa\" data-id=\"3795a8fa\" data-element_type=\"column\">\n\t\t\t<div class=\"elementor-widget-wrap elementor-element-populated\">\n\t\t\t\t\t\t\t\t<div class=\"elementor-element elementor-element-29a962ed elementor-widget elementor-widget-heading\" data-id=\"29a962ed\" data-element_type=\"widget\" data-widget_type=\"heading.default\">\n\t\t\t\t<div class=\"elementor-widget-container\">\n\t\t\t<h1 class=\"elementor-heading-title elementor-size-default\">E-gift card<\/h1>\t\t<\/div>\n\t\t\t\t<\/div>\n\t\t\t\t<div class=\"elementor-element elementor-element-5bb74067 elementor-widget elementor-widget-text-editor\" data-id=\"5bb74067\" data-element_type=\"widget\" data-widget_type=\"text-editor.default\">\n\t\t\t\t<div class=\"elementor-widget-container\">\n\t\t\t\t\t\t\t<p>When in doubt what to buy as a gift, this is the best option. Our gift cards have no expiration date and can be used to pay for all the services in our beauty studio or in our cosmetic shop. Amount is flexible and you can personalize your gift card with a message.<\/p>\t\t\t\t\t\t<\/div>\n\t\t\t\t<\/div>\n\t\t\t\t<div class=\"elementor-element elementor-element-bcc4a7f elementor-widget elementor-widget-fs-button\" data-id=\"bcc4a7f\" data-element_type=\"widget\" data-widget_type=\"fs-button.default\">\n\t\t\t\t<div class=\"elementor-widget-container\">\n\t\t\t\r\n            <div class=\"button-wrapper\">\r\n\r\n                <a href=\"https:\/\/firstsight.design\/levre\/mono\/product\/e-gift-card\/\"\r\n                   class=\"fs-button dark-border-style\"\r\n                   target=\"_self\">\r\n\r\n                    Shop Now\r\n                <\/a>\r\n\r\n            <\/div>\r\n\r\n        \t\t<\/div>\n\t\t\t\t<\/div>\n\t\t\t\t\t<\/div>\n\t\t<\/div>\n\t\t\t\t\t\t\t<\/div>\n\t\t<\/section>\n\t\t        \t\t<section class=\"elementor-section elementor-top-section elementor-element elementor-element-66468658 elementor-section-content-middle elementor-hidden-desktop elementor-hidden-tablet elementor-hidden-mobile elementor-section-boxed elementor-section-height-default elementor-section-height-default\" data-id=\"66468658\" data-element_type=\"section\" data-settings=\"{&quot;background_background&quot;:&quot;classic&quot;}\">\n\t\t\t\t\t\t<div class=\"elementor-container elementor-column-gap-extended\">\n\t\t\t\t\t<div class=\"elementor-column elementor-col-50 elementor-top-column elementor-element elementor-element-c803a2c\" data-id=\"c803a2c\" data-element_type=\"column\">\n\t\t\t<div class=\"elementor-widget-wrap elementor-element-populated\">\n\t\t\t\t\t\t\t\t<div class=\"elementor-element elementor-element-698b3c8d elementor-widget elementor-widget-heading\" data-id=\"698b3c8d\" data-element_type=\"widget\" data-widget_type=\"heading.default\">\n\t\t\t\t<div class=\"elementor-widget-container\">\n\t\t\t<h1 class=\"elementor-heading-title elementor-size-default\">Physical gift card<\/h1>\t\t<\/div>\n\t\t\t\t<\/div>\n\t\t\t\t<div class=\"elementor-element elementor-element-522b24eb elementor-widget elementor-widget-text-editor\" data-id=\"522b24eb\" data-element_type=\"widget\" data-widget_type=\"text-editor.default\">\n\t\t\t\t<div class=\"elementor-widget-container\">\n\t\t\t\t\t\t\t<p>When in doubt what to buy as a gift, this is the best option. Our gift cards have no expiration date and can be used to pay for all the services in our beauty studio or in our cosmetic shop.<\/p>\t\t\t\t\t\t<\/div>\n\t\t\t\t<\/div>\n\t\t\t\t<div class=\"elementor-element elementor-element-397b7deb elementor-widget elementor-widget-fs-button\" data-id=\"397b7deb\" data-element_type=\"widget\" data-widget_type=\"fs-button.default\">\n\t\t\t\t<div class=\"elementor-widget-container\">\n\t\t\t\r\n            <div class=\"button-wrapper\">\r\n\r\n                <a href=\"https:\/\/firstsight.design\/levre\/mono\/product\/physical-gift-card\/\"\r\n                   class=\"fs-button dark-border-style\"\r\n                   target=\"_self\">\r\n\r\n                    Shop Now\r\n                <\/a>\r\n\r\n            <\/div>\r\n\r\n        \t\t<\/div>\n\t\t\t\t<\/div>\n\t\t\t\t\t<\/div>\n\t\t<\/div>\n\t\t\t\t<div class=\"elementor-column elementor-col-50 elementor-top-column elementor-element elementor-element-85d5d8c\" data-id=\"85d5d8c\" data-element_type=\"column\">\n\t\t\t<div class=\"elementor-widget-wrap elementor-element-populated\">\n\t\t\t\t\t\t\t\t<div class=\"elementor-element elementor-element-2ba7dd33 elementor-widget elementor-widget-image\" data-id=\"2ba7dd33\" data-element_type=\"widget\" data-widget_type=\"image.default\">\n\t\t\t\t<div class=\"elementor-widget-container\">\n\t\t\t\t\t\t\t\t\t\t\t\t\t\t\t<img width=\"768\" height=\"930\" src=\"https:\/\/qualitex.ee\/wp-content\/uploads\/2021\/06\/Gift-Cards-Physical.jpg\" class=\"attachment-medium_large size-medium_large\" alt=\"\" loading=\"lazy\" \/>\t\t\t\t\t\t\t\t\t\t\t\t\t\t\t<\/div>\n\t\t\t\t<\/div>\n\t\t\t\t\t<\/div>\n\t\t<\/div>\n\t\t\t\t\t\t\t<\/div>\n\t\t<\/section>\n\t\t        \t\t<section class=\"elementor-section elementor-top-section elementor-element elementor-element-bafdd33 elementor-section-content-middle elementor-hidden-desktop elementor-hidden-tablet elementor-hidden-mobile elementor-section-boxed elementor-section-height-default elementor-section-height-default\" data-id=\"bafdd33\" data-element_type=\"section\" data-settings=\"{&quot;background_background&quot;:&quot;classic&quot;}\">\n\t\t\t\t\t\t<div class=\"elementor-container elementor-column-gap-extended\">\n\t\t\t\t\t<div class=\"elementor-column elementor-col-100 elementor-top-column elementor-element elementor-element-467215d\" data-id=\"467215d\" data-element_type=\"column\">\n\t\t\t<div class=\"elementor-widget-wrap elementor-element-populated\">\n\t\t\t\t\t\t\t\t<div class=\"elementor-element elementor-element-05a2474 elementor-widget elementor-widget-heading\" data-id=\"05a2474\" data-element_type=\"widget\" data-widget_type=\"heading.default\">\n\t\t\t\t<div class=\"elementor-widget-container\">\n\t\t\t<h1 class=\"elementor-heading-title elementor-size-default\">Frequently asked questions<\/h1>\t\t<\/div>\n\t\t\t\t<\/div>\n\t\t\t\t<div class=\"elementor-element elementor-element-6c40f91 elementor-widget__width-initial elementor-widget elementor-widget-text-editor\" data-id=\"6c40f91\" data-element_type=\"widget\" data-widget_type=\"text-editor.default\">\n\t\t\t\t<div class=\"elementor-widget-container\">\n\t\t\t\t\t\t\t<p>Here you can find answers on frequently asked questions. If you cannot find the answer, feel free to contact us via email or phone.<\/p>\t\t\t\t\t\t<\/div>\n\t\t\t\t<\/div>\n\t\t\t\t<div class=\"elementor-element elementor-element-3d25406 elementor-widget__width-initial elementor-widget elementor-widget-fs-accordion\" data-id=\"3d25406\" data-element_type=\"widget\" data-widget_type=\"fs-accordion.default\">\n\t\t\t\t<div class=\"elementor-widget-container\">\n\t\t\t\r\n        <ul class=\"fs-accordion\">\r\n\r\n            \r\n                <li class=\"accordion-item  open \">\r\n\r\n                    <div class=\"open-link\">\r\n\r\n                        <p class=\"accordion-title body-5\">\r\n\r\n                            Can I exchange my Gift Card to money?\r\n                        <\/p>\r\n\r\n                        <img src=\"https:\/\/qualitex.ee\/wp-content\/themes\/levre\/assets\/img\/plus.svg\"\r\n                             alt=\"Plus\" class=\"plus-icon\">\r\n\r\n                    <\/div>\r\n\r\n                    <div class=\"accordion-content body-6\">\r\n\r\n                        <p>When in doubt what to buy as a gift, this is the best option. Our gift cards have no expiration date and can be used to pay for all the services in our beauty studio or in our cosmetic shop. Amount is flexible and you can personalize your gift card with a message.<\/p><p>\u00a0<\/p><p>When in doubt what to buy as a gift, this is the best option. Our gift cards have no expiration date and can be used to pay for all the services in our beauty studio or in our cosmetic shop. Amount is flexible and you can personalize your gift card with a message. Our gift cards have no expiration date and can be used to pay for all the services in our beauty studio or in our cosmetic shop.<\/p>\r\n                    <\/div>\r\n\r\n                <\/li>\r\n\r\n                \r\n            \r\n                <li class=\"accordion-item \">\r\n\r\n                    <div class=\"open-link\">\r\n\r\n                        <p class=\"accordion-title body-5\">\r\n\r\n                            How much time do I have to use my Gift Card?\r\n                        <\/p>\r\n\r\n                        <img src=\"https:\/\/qualitex.ee\/wp-content\/themes\/levre\/assets\/img\/plus.svg\"\r\n                             alt=\"Plus\" class=\"plus-icon\">\r\n\r\n                    <\/div>\r\n\r\n                    <div class=\"accordion-content body-6\">\r\n\r\n                        <p>When in doubt what to buy as a gift, this is the best option. Our gift cards have no expiration date and can be used to pay for all the services in our beauty studio or in our cosmetic shop. Amount is flexible and you can personalize your gift card with a message.<\/p><p>\u00a0<\/p><p>When in doubt what to buy as a gift, this is the best option. Our gift cards have no expiration date and can be used to pay for all the services in our beauty studio or in our cosmetic shop. Amount is flexible and you can personalize your gift card with a message. Our gift cards have no expiration date and can be used to pay for all the services in our beauty studio or in our cosmetic shop.<\/p>\r\n                    <\/div>\r\n\r\n                <\/li>\r\n\r\n                \r\n            \r\n                <li class=\"accordion-item \">\r\n\r\n                    <div class=\"open-link\">\r\n\r\n                        <p class=\"accordion-title body-5\">\r\n\r\n                            Can I pay for the service with my gift card?\r\n                        <\/p>\r\n\r\n                        <img src=\"https:\/\/qualitex.ee\/wp-content\/themes\/levre\/assets\/img\/plus.svg\"\r\n                             alt=\"Plus\" class=\"plus-icon\">\r\n\r\n                    <\/div>\r\n\r\n                    <div class=\"accordion-content body-6\">\r\n\r\n                        <p>When in doubt what to buy as a gift, this is the best option. Our gift cards have no expiration date and can be used to pay for all the services in our beauty studio or in our cosmetic shop. Amount is flexible and you can personalize your gift card with a message.<\/p><p>\u00a0<\/p><p>When in doubt what to buy as a gift, this is the best option. Our gift cards have no expiration date and can be used to pay for all the services in our beauty studio or in our cosmetic shop. Amount is flexible and you can personalize your gift card with a message. Our gift cards have no expiration date and can be used to pay for all the services in our beauty studio or in our cosmetic shop.<\/p>\r\n                    <\/div>\r\n\r\n                <\/li>\r\n\r\n                \r\n            \r\n        <\/ul>\r\n\r\n        \t\t<\/div>\n\t\t\t\t<\/div>\n\t\t\t\t\t<\/div>\n\t\t<\/div>\n\t\t\t\t\t\t\t<\/div>\n\t\t<\/section>\n\t\t        \t\t\t\t<\/div>\n\t\t\t\t\t<\/div>\n\t\t","protected":false},"excerpt":{"rendered":"<p>V\u00e4rvimine ja viimistlemine Suudame v\u00e4rvida ja viimistleda kuni 100 tonni kvaliteetset trikotaa\u017ekangast kuus. V\u00e4rvimine ja viimistlemine Meie t\u00e4isautomaatne v\u00e4rvimiskoda, mille v\u00f5imsus on kuni 100 tonni kangast kuus, on varustatud k\u00f5rge temperatuuri ja k\u00f5rgsurvega v\u00e4rvimisseadmetega Saksa tootjalt Thies, mis v\u00f5imaldab meil t\u00f6\u00f6delda igat t\u00fc\u00fcpi kiududest ja kiusegudest toodetud kangaid. V\u00e4rvide t\u00e4pne j\u00e4rjepidevus on tagatud, kuna k\u00f5ik [&hellip;]<\/p>\n","protected":false},"author":2,"featured_media":0,"parent":0,"menu_order":0,"comment_status":"closed","ping_status":"closed","template":"","meta":[],"_links":{"self":[{"href":"https:\/\/qualitex.ee\/et\/wp-json\/wp\/v2\/pages\/4309"}],"collection":[{"href":"https:\/\/qualitex.ee\/et\/wp-json\/wp\/v2\/pages"}],"about":[{"href":"https:\/\/qualitex.ee\/et\/wp-json\/wp\/v2\/types\/page"}],"author":[{"embeddable":true,"href":"https:\/\/qualitex.ee\/et\/wp-json\/wp\/v2\/users\/2"}],"replies":[{"embeddable":true,"href":"https:\/\/qualitex.ee\/et\/wp-json\/wp\/v2\/comments?post=4309"}],"version-history":[{"count":15,"href":"https:\/\/qualitex.ee\/et\/wp-json\/wp\/v2\/pages\/4309\/revisions"}],"predecessor-version":[{"id":4479,"href":"https:\/\/qualitex.ee\/et\/wp-json\/wp\/v2\/pages\/4309\/revisions\/4479"}],"wp:attachment":[{"href":"https:\/\/qualitex.ee\/et\/wp-json\/wp\/v2\/media?parent=4309"}],"curies":[{"name":"wp","href":"https:\/\/api.w.org\/{rel}","templated":true}]}}